{"id":35265,"date":"2023-07-24T12:49:30","date_gmt":"2023-07-24T11:49:30","guid":{"rendered":"https:\/\/vm.invistic-dev.com\/?page_id=35265"},"modified":"2023-07-24T12:50:39","modified_gmt":"2023-07-24T11:50:39","slug":"home","status":"publish","type":"page","link":"https:\/\/vm.invistic-dev.com\/da\/","title":{"rendered":"Home"},"content":{"rendered":"\t\t<div data-elementor-type=\"wp-page\" data-elementor-id=\"35265\" class=\"elementor elementor-35265 elementor-5\" data-elementor-post-type=\"page\">\n\t\t\t\t\t\t<section class=\"elementor-section elementor-top-section elementor-element elementor-element-6bce240 elementor-reverse-mobile elementor-section-boxed elementor-section-height-default elementor-section-height-default\" data-id=\"6bce240\" data-element_type=\"section\" data-e-type=\"section\" data-settings=\"{&quot;background_background&quot;:&quot;classic&quot;}\">\n\t\t\t\t\t\t<div class=\"elementor-container elementor-column-gap-default\">\n\t\t\t\t\t<div class=\"elementor-column elementor-col-50 elementor-top-column elementor-element elementor-element-499e362\" data-id=\"499e362\" data-element_type=\"column\" data-e-type=\"column\">\n\t\t\t<div class=\"elementor-widget-wrap elementor-element-populated\">\n\t\t\t\t\t\t<div class=\"elementor-element elementor-element-514d24e elementor-widget elementor-widget-heading\" data-id=\"514d24e\" data-element_type=\"widget\" data-e-type=\"widget\" data-widget_type=\"heading.default\">\n\t\t\t\t<div class=\"elementor-widget-container\">\n\t\t\t\t\t<h1 class=\"elementor-heading-title elementor-size-default\">Bes\u00f8gst\u00e6llingsl\u00f8sninger i verdensklasse<\/h1>\t\t\t\t<\/div>\n\t\t\t\t<\/div>\n\t\t\t\t<div class=\"elementor-element elementor-element-f85b33c elementor-widget elementor-widget-text-editor\" data-id=\"f85b33c\" data-element_type=\"widget\" data-e-type=\"widget\" data-widget_type=\"text-editor.default\">\n\t\t\t\t<div class=\"elementor-widget-container\">\n\t\t\t\t\t\t\t\t\t<p>Kunder overalt i verden s\u00e6tter deres lid til vores avancerede systemer til indsamling af statistik om bes\u00f8gende i forskellige milj\u00f8er. Som en leverand\u00f8r, der er f\u00f8rende p\u00e5 verdensplan af bes\u00f8gst\u00e6llingssystemer, skaber vi l\u00f8sninger, der s\u00e6tter dig i stand til at tage p\u00e5lidelige adf\u00e6rdsbaserede beslutninger vedr\u00f8rende din virksomhed. Kort sagt er vi eksperter i at give dig handlingsrettede data, uanset hvor i verden du m\u00e5tte befinde dig.<\/p>\t\t\t\t\t\t\t\t<\/div>\n\t\t\t\t<\/div>\n\t\t\t\t\t<\/div>\n\t\t<\/div>\n\t\t\t\t<div class=\"elementor-column elementor-col-50 elementor-top-column elementor-element elementor-element-58f0a7f\" data-id=\"58f0a7f\" data-element_type=\"column\" data-e-type=\"column\">\n\t\t\t<div class=\"elementor-widget-wrap elementor-element-populated\">\n\t\t\t\t\t\t<div class=\"elementor-element elementor-element-efa20dd elementor-invisible elementor-widget elementor-widget-image\" data-id=\"efa20dd\" data-element_type=\"widget\" data-e-type=\"widget\" data-settings=\"{&quot;_animation&quot;:&quot;fadeIn&quot;}\" data-widget_type=\"image.default\">\n\t\t\t\t<div class=\"elementor-widget-container\">\n\t\t\t\t\t\t\t\t\t\t\t\t\t\t\t<img fetchpriority=\"high\" decoding=\"async\" width=\"768\" height=\"792\" src=\"https:\/\/vm.invistic-dev.com\/wp-content\/uploads\/2022\/02\/viametrics-mhome.png\" class=\"attachment-large size-large wp-image-3301\" alt=\"\" srcset=\"https:\/\/vm.invistic-dev.com\/wp-content\/uploads\/2022\/02\/viametrics-mhome.png 768w, https:\/\/vm.invistic-dev.com\/wp-content\/uploads\/2022\/02\/viametrics-mhome-291x300.png 291w\" sizes=\"(max-width: 768px) 100vw, 768px\" \/>\t\t\t\t\t\t\t\t\t\t\t\t\t\t\t<\/div>\n\t\t\t\t<\/div>\n\t\t\t\t\t<\/div>\n\t\t<\/div>\n\t\t\t\t\t<\/div>\n\t\t<\/section>\n\t\t\t\t<section class=\"elementor-section elementor-top-section elementor-element elementor-element-9304322 elementor-section-boxed elementor-section-height-default elementor-section-height-default\" data-id=\"9304322\" data-element_type=\"section\" data-e-type=\"section\">\n\t\t\t\t\t\t<div class=\"elementor-container elementor-column-gap-default\">\n\t\t\t\t\t<div class=\"elementor-column elementor-col-100 elementor-top-column elementor-element elementor-element-4562a3d\" data-id=\"4562a3d\" data-element_type=\"column\" data-e-type=\"column\">\n\t\t\t<div class=\"elementor-widget-wrap elementor-element-populated\">\n\t\t\t\t\t\t<section class=\"elementor-section elementor-inner-section elementor-element elementor-element-27f8e5e elementor-section-boxed elementor-section-height-default elementor-section-height-default\" data-id=\"27f8e5e\" data-element_type=\"section\" data-e-type=\"section\">\n\t\t\t\t\t\t<div class=\"elementor-container elementor-column-gap-default\">\n\t\t\t\t\t<div class=\"elementor-column elementor-col-50 elementor-inner-column elementor-element elementor-element-bea751b\" data-id=\"bea751b\" data-element_type=\"column\" data-e-type=\"column\">\n\t\t\t<div class=\"elementor-widget-wrap elementor-element-populated\">\n\t\t\t\t\t\t<div class=\"elementor-element elementor-element-77379dd elementor-widget elementor-widget-text-editor\" data-id=\"77379dd\" data-element_type=\"widget\" data-e-type=\"widget\" data-widget_type=\"text-editor.default\">\n\t\t\t\t<div class=\"elementor-widget-container\">\n\t\t\t\t\t\t\t\t\t<p>Ved at kombinere p\u00e5lidelighed med veldesignede softwareredskaber, hardware i topkvalitet, lokal viden samt international erfaring bringer VIAMETRICS bes\u00f8gst\u00e6lling op p\u00e5 et nyt niveau.<\/p><p>VIAMETRICS er en svensk virksomhed, der b\u00e5de udvikler og producerer i G\u00f8teborg. Vi tilbyder et stort udvalgt af skr\u00e6ddersyede bes\u00f8gst\u00e6llingsl\u00f8sninger til detailhandelsk\u00e6der, indk\u00f8bscentre og offentlige milj\u00f8er.<\/p><p>VIAMETRICS blev grundlagt i 1994 og har fokuseret p\u00e5 bes\u00f8gst\u00e6lling lige siden. Som VIAMETRICS\u2019 kunde har du adgang til l\u00f8sninger, der styrker din konkurrenceevne, er fremtidssikre og leverer n\u00f8jagtige tal.<\/p><p>\u00a0<\/p>\t\t\t\t\t\t\t\t<\/div>\n\t\t\t\t<\/div>\n\t\t\t\t\t<\/div>\n\t\t<\/div>\n\t\t\t\t<div class=\"elementor-column elementor-col-50 elementor-inner-column elementor-element elementor-element-8d75b48\" data-id=\"8d75b48\" data-element_type=\"column\" data-e-type=\"column\">\n\t\t\t<div class=\"elementor-widget-wrap elementor-element-populated\">\n\t\t\t\t\t\t<div class=\"elementor-element elementor-element-eb438e2 elementor-widget elementor-widget-text-editor\" data-id=\"eb438e2\" data-element_type=\"widget\" data-e-type=\"widget\" data-widget_type=\"text-editor.default\">\n\t\t\t\t<div class=\"elementor-widget-container\">\n\t\t\t\t\t\t\t\t\t<p>VIAMETRICS giver virksomheder og organisationer information, der giver dem dybdeg\u00e5ende viden om deres kunders adf\u00e6rd. Vores brugervenlige analysev\u00e6rkt\u00f8j giver et beslutningsgrundlag for omkostningsbesparelser, st\u00f8rre effektivitet og rentabilitetsforbedrende tiltag.<\/p><p>Vi er en virkelig kundefokuseret serviceorganisation med over 15.000 installationer i mere end 50 lande, hvilket g\u00f8r VIAMETRICS til en af hovedakt\u00f8rerne inden for bes\u00f8gst\u00e6lling. Vi ser verden som vores marked, og vi har kapaciteten til at f\u00f8lge vores kunder overalt i verden. Vi str\u00e6ber efter at blive den perfekte forretningspartner, og kombinerer lokal viden med international erfaring.<\/p><p>Det er, hvad vi kalder bes\u00f8gst\u00e6lling i verdensklasse, made in Sweden.<\/p><p>Vores hovedkvarter er beliggende i G\u00f8teborg i Sverige, og vi har 100 % ejede datterselskaber i Tyskland, Norge samt i Folkerepublikken Kina.\u00a0<\/p>\t\t\t\t\t\t\t\t<\/div>\n\t\t\t\t<\/div>\n\t\t\t\t\t<\/div>\n\t\t<\/div>\n\t\t\t\t\t<\/div>\n\t\t<\/section>\n\t\t\t\t\t<\/div>\n\t\t<\/div>\n\t\t\t\t\t<\/div>\n\t\t<\/section>\n\t\t\t\t<\/div>\n\t\t","protected":false},"excerpt":{"rendered":"<p>Bes\u00f8gst\u00e6llingsl\u00f8sninger i verdensklasse Kunder overalt i verden s\u00e6tter deres lid til vores avancerede systemer til indsamling af statistik om bes\u00f8gende i forskellige milj\u00f8er. Som en leverand\u00f8r, der er f\u00f8rende p\u00e5 verdensplan af bes\u00f8gst\u00e6llingssystemer, skaber vi l\u00f8sninger, der s\u00e6tter dig i stand til at tage p\u00e5lidelige adf\u00e6rdsbaserede beslutninger vedr\u00f8rende din virksomhed. Kort sagt er vi eksperter [&hellip;]<\/p>\n","protected":false},"author":1,"featured_media":0,"parent":0,"menu_order":0,"comment_status":"closed","ping_status":"closed","template":"","meta":{"footnotes":""},"class_list":["post-35265","page","type-page","status-publish","hentry"],"yoast_head":"<!-- This site is optimized with the Yoast SEO plugin v27.4 - https:\/\/yoast.com\/product\/yoast-seo-wordpress\/ -->\n<title>Home - Viametrics<\/title>\n<meta name=\"robots\" content=\"noindex, follow, max-snippet:-1, max-image-preview:large, max-video-preview:-1\" \/>\n<meta property=\"og:locale\" content=\"da_DK\" \/>\n<meta property=\"og:type\" content=\"article\" \/>\n<meta property=\"og:title\" content=\"Home - Viametrics\" \/>\n<meta property=\"og:description\" content=\"Bes\u00f8gst\u00e6llingsl\u00f8sninger i verdensklasse Kunder overalt i verden s\u00e6tter deres lid til vores avancerede systemer til indsamling af statistik om bes\u00f8gende i forskellige milj\u00f8er. Som en leverand\u00f8r, der er f\u00f8rende p\u00e5 verdensplan af bes\u00f8gst\u00e6llingssystemer, skaber vi l\u00f8sninger, der s\u00e6tter dig i stand til at tage p\u00e5lidelige adf\u00e6rdsbaserede beslutninger vedr\u00f8rende din virksomhed. Kort sagt er vi eksperter [&hellip;]\" \/>\n<meta property=\"og:url\" content=\"https:\/\/vm.invistic-dev.com\/home\/?lang=da\" \/>\n<meta property=\"og:site_name\" content=\"Viametrics\" \/>\n<meta property=\"article:modified_time\" content=\"2023-07-24T11:50:39+00:00\" \/>\n<meta property=\"og:image\" content=\"https:\/\/vm.invistic-dev.com\/wp-content\/uploads\/2022\/02\/viametrics-mhome.png\" \/>\n<meta name=\"twitter:card\" content=\"summary_large_image\" \/>\n<meta name=\"twitter:label1\" content=\"Estimeret l\u00e6setid\" \/>\n\t<meta name=\"twitter:data1\" content=\"2 minutter\" \/>\n<script type=\"application\/ld+json\" class=\"yoast-schema-graph\">{\"@context\":\"https:\\\/\\\/schema.org\",\"@graph\":[{\"@type\":\"WebPage\",\"@id\":\"https:\\\/\\\/vm.invistic-dev.com\\\/home\\\/?lang=da\",\"url\":\"https:\\\/\\\/vm.invistic-dev.com\\\/home\\\/?lang=da\",\"name\":\"Home - Viametrics\",\"isPartOf\":{\"@id\":\"https:\\\/\\\/vm.invistic-dev.com\\\/#website\"},\"primaryImageOfPage\":{\"@id\":\"https:\\\/\\\/vm.invistic-dev.com\\\/home\\\/?lang=da#primaryimage\"},\"image\":{\"@id\":\"https:\\\/\\\/vm.invistic-dev.com\\\/home\\\/?lang=da#primaryimage\"},\"thumbnailUrl\":\"https:\\\/\\\/vm.invistic-dev.com\\\/wp-content\\\/uploads\\\/2022\\\/02\\\/viametrics-mhome.png\",\"datePublished\":\"2023-07-24T11:49:30+00:00\",\"dateModified\":\"2023-07-24T11:50:39+00:00\",\"breadcrumb\":{\"@id\":\"https:\\\/\\\/vm.invistic-dev.com\\\/home\\\/?lang=da#breadcrumb\"},\"inLanguage\":\"da-DK\",\"potentialAction\":[{\"@type\":\"ReadAction\",\"target\":[\"https:\\\/\\\/vm.invistic-dev.com\\\/home\\\/?lang=da\"]}]},{\"@type\":\"ImageObject\",\"inLanguage\":\"da-DK\",\"@id\":\"https:\\\/\\\/vm.invistic-dev.com\\\/home\\\/?lang=da#primaryimage\",\"url\":\"https:\\\/\\\/vm.invistic-dev.com\\\/wp-content\\\/uploads\\\/2022\\\/02\\\/viametrics-mhome.png\",\"contentUrl\":\"https:\\\/\\\/vm.invistic-dev.com\\\/wp-content\\\/uploads\\\/2022\\\/02\\\/viametrics-mhome.png\"},{\"@type\":\"BreadcrumbList\",\"@id\":\"https:\\\/\\\/vm.invistic-dev.com\\\/home\\\/?lang=da#breadcrumb\",\"itemListElement\":[{\"@type\":\"ListItem\",\"position\":1,\"name\":\"Home\",\"item\":\"https:\\\/\\\/vm.invistic-dev.com\\\/home\\\/?lang=da\"},{\"@type\":\"ListItem\",\"position\":2,\"name\":\"Home\"}]},{\"@type\":\"WebSite\",\"@id\":\"https:\\\/\\\/vm.invistic-dev.com\\\/#website\",\"url\":\"https:\\\/\\\/vm.invistic-dev.com\\\/\",\"name\":\"Viametrics\",\"description\":\"\",\"publisher\":{\"@id\":\"https:\\\/\\\/vm.invistic-dev.com\\\/#organization\"},\"potentialAction\":[{\"@type\":\"SearchAction\",\"target\":{\"@type\":\"EntryPoint\",\"urlTemplate\":\"https:\\\/\\\/vm.invistic-dev.com\\\/?s={search_term_string}\"},\"query-input\":{\"@type\":\"PropertyValueSpecification\",\"valueRequired\":true,\"valueName\":\"search_term_string\"}}],\"inLanguage\":\"da-DK\"},{\"@type\":\"Organization\",\"@id\":\"https:\\\/\\\/vm.invistic-dev.com\\\/#organization\",\"name\":\"Viametrics\",\"url\":\"https:\\\/\\\/vm.invistic-dev.com\\\/\",\"logo\":{\"@type\":\"ImageObject\",\"inLanguage\":\"da-DK\",\"@id\":\"https:\\\/\\\/vm.invistic-dev.com\\\/#\\\/schema\\\/logo\\\/image\\\/\",\"url\":\"https:\\\/\\\/vm.invistic-dev.com\\\/wp-content\\\/uploads\\\/2021\\\/05\\\/cropped-viametrics.png\",\"contentUrl\":\"https:\\\/\\\/vm.invistic-dev.com\\\/wp-content\\\/uploads\\\/2021\\\/05\\\/cropped-viametrics.png\",\"width\":468,\"height\":210,\"caption\":\"Viametrics\"},\"image\":{\"@id\":\"https:\\\/\\\/vm.invistic-dev.com\\\/#\\\/schema\\\/logo\\\/image\\\/\"}}]}<\/script>\n<!-- \/ Yoast SEO plugin. -->","yoast_head_json":{"title":"Home - Viametrics","robots":{"index":"noindex","follow":"follow","max-snippet":"max-snippet:-1","max-image-preview":"max-image-preview:large","max-video-preview":"max-video-preview:-1"},"og_locale":"da_DK","og_type":"article","og_title":"Home - Viametrics","og_description":"Bes\u00f8gst\u00e6llingsl\u00f8sninger i verdensklasse Kunder overalt i verden s\u00e6tter deres lid til vores avancerede systemer til indsamling af statistik om bes\u00f8gende i forskellige milj\u00f8er. Som en leverand\u00f8r, der er f\u00f8rende p\u00e5 verdensplan af bes\u00f8gst\u00e6llingssystemer, skaber vi l\u00f8sninger, der s\u00e6tter dig i stand til at tage p\u00e5lidelige adf\u00e6rdsbaserede beslutninger vedr\u00f8rende din virksomhed. Kort sagt er vi eksperter [&hellip;]","og_url":"https:\/\/vm.invistic-dev.com\/home\/?lang=da","og_site_name":"Viametrics","article_modified_time":"2023-07-24T11:50:39+00:00","og_image":[{"url":"https:\/\/vm.invistic-dev.com\/wp-content\/uploads\/2022\/02\/viametrics-mhome.png","type":"","width":"","height":""}],"twitter_card":"summary_large_image","twitter_misc":{"Estimeret l\u00e6setid":"2 minutter"},"schema":{"@context":"https:\/\/schema.org","@graph":[{"@type":"WebPage","@id":"https:\/\/vm.invistic-dev.com\/home\/?lang=da","url":"https:\/\/vm.invistic-dev.com\/home\/?lang=da","name":"Home - Viametrics","isPartOf":{"@id":"https:\/\/vm.invistic-dev.com\/#website"},"primaryImageOfPage":{"@id":"https:\/\/vm.invistic-dev.com\/home\/?lang=da#primaryimage"},"image":{"@id":"https:\/\/vm.invistic-dev.com\/home\/?lang=da#primaryimage"},"thumbnailUrl":"https:\/\/vm.invistic-dev.com\/wp-content\/uploads\/2022\/02\/viametrics-mhome.png","datePublished":"2023-07-24T11:49:30+00:00","dateModified":"2023-07-24T11:50:39+00:00","breadcrumb":{"@id":"https:\/\/vm.invistic-dev.com\/home\/?lang=da#breadcrumb"},"inLanguage":"da-DK","potentialAction":[{"@type":"ReadAction","target":["https:\/\/vm.invistic-dev.com\/home\/?lang=da"]}]},{"@type":"ImageObject","inLanguage":"da-DK","@id":"https:\/\/vm.invistic-dev.com\/home\/?lang=da#primaryimage","url":"https:\/\/vm.invistic-dev.com\/wp-content\/uploads\/2022\/02\/viametrics-mhome.png","contentUrl":"https:\/\/vm.invistic-dev.com\/wp-content\/uploads\/2022\/02\/viametrics-mhome.png"},{"@type":"BreadcrumbList","@id":"https:\/\/vm.invistic-dev.com\/home\/?lang=da#breadcrumb","itemListElement":[{"@type":"ListItem","position":1,"name":"Home","item":"https:\/\/vm.invistic-dev.com\/home\/?lang=da"},{"@type":"ListItem","position":2,"name":"Home"}]},{"@type":"WebSite","@id":"https:\/\/vm.invistic-dev.com\/#website","url":"https:\/\/vm.invistic-dev.com\/","name":"Viametrics","description":"","publisher":{"@id":"https:\/\/vm.invistic-dev.com\/#organization"},"potentialAction":[{"@type":"SearchAction","target":{"@type":"EntryPoint","urlTemplate":"https:\/\/vm.invistic-dev.com\/?s={search_term_string}"},"query-input":{"@type":"PropertyValueSpecification","valueRequired":true,"valueName":"search_term_string"}}],"inLanguage":"da-DK"},{"@type":"Organization","@id":"https:\/\/vm.invistic-dev.com\/#organization","name":"Viametrics","url":"https:\/\/vm.invistic-dev.com\/","logo":{"@type":"ImageObject","inLanguage":"da-DK","@id":"https:\/\/vm.invistic-dev.com\/#\/schema\/logo\/image\/","url":"https:\/\/vm.invistic-dev.com\/wp-content\/uploads\/2021\/05\/cropped-viametrics.png","contentUrl":"https:\/\/vm.invistic-dev.com\/wp-content\/uploads\/2021\/05\/cropped-viametrics.png","width":468,"height":210,"caption":"Viametrics"},"image":{"@id":"https:\/\/vm.invistic-dev.com\/#\/schema\/logo\/image\/"}}]}},"_links":{"self":[{"href":"https:\/\/vm.invistic-dev.com\/da\/wp-json\/wp\/v2\/pages\/35265","targetHints":{"allow":["GET"]}}],"collection":[{"href":"https:\/\/vm.invistic-dev.com\/da\/wp-json\/wp\/v2\/pages"}],"about":[{"href":"https:\/\/vm.invistic-dev.com\/da\/wp-json\/wp\/v2\/types\/page"}],"author":[{"embeddable":true,"href":"https:\/\/vm.invistic-dev.com\/da\/wp-json\/wp\/v2\/users\/1"}],"replies":[{"embeddable":true,"href":"https:\/\/vm.invistic-dev.com\/da\/wp-json\/wp\/v2\/comments?post=35265"}],"version-history":[{"count":4,"href":"https:\/\/vm.invistic-dev.com\/da\/wp-json\/wp\/v2\/pages\/35265\/revisions"}],"predecessor-version":[{"id":35269,"href":"https:\/\/vm.invistic-dev.com\/da\/wp-json\/wp\/v2\/pages\/35265\/revisions\/35269"}],"wp:attachment":[{"href":"https:\/\/vm.invistic-dev.com\/da\/wp-json\/wp\/v2\/media?parent=35265"}],"curies":[{"name":"wp","href":"https:\/\/api.w.org\/{rel}","templated":true}]}}